{"id":54869,"date":"2019-05-15T09:26:27","date_gmt":"2019-05-15T09:26:27","guid":{"rendered":"http:\/\/www.fondazionepirelli.org\/fondazione-pirelli\/?page_id=54869"},"modified":"2025-09-18T10:10:11","modified_gmt":"2025-09-18T09:10:11","slug":"scuola-secondaria-1-grado","status":"publish","type":"page","link":"https:\/\/www.fondazionepirelli.org\/it\/education\/fondazione-pirelli-educational\/scuola-secondaria-1-grado\/","title":{"rendered":"Scuola secondaria I grado"},"content":{"rendered":"<p style=\"text-align: center;\">Studiare i grandi autori del Novecento sulle pagine della Rivista Pirelli,\u00a0 capire dalle voci di importanti innovatori come nasce un brevetto, conoscere come si \u00e8 evoluto il nostro modo di viaggiare, e come ci si muover\u00e0 nelle citt\u00e0 del futuro.<\/p>\n<p style=\"text-align: center;\">\u00a0Ecco i nuovi percorsi digitali di Fondazione Pirelli Educational 2020\/2021.<\/p>\n","protected":false},"excerpt":{"rendered":"<p>Studiare i grandi autori del Novecento sulle pagine della Rivista Pirelli,\u00a0 capire dalle voci di importanti innovatori come nasce un brevetto, conoscere come si \u00e8 evoluto il nostro modo di viaggiare, e come ci si muover\u00e0 nelle citt\u00e0 del futuro. \u00a0Ecco i nuovi percorsi digitali di Fondazione Pirelli Educational 2020\/2021.<\/p>\n","protected":false},"author":1,"featured_media":105265,"parent":53133,"menu_order":0,"comment_status":"closed","ping_status":"closed","template":"page--scuolaSecondariaGrado1.php","meta":{"footnotes":""},"class_list":["post-54869","page","type-page","status-publish","has-post-thumbnail","hentry"],"acf":[],"yoast_head":"<!-- This site is optimized with the Yoast SEO plugin v25.0 - https:\/\/yoast.com\/wordpress\/plugins\/seo\/ -->\n<title>Laboratori e corsi scuola secondaria I Grado | Fondazione Pirelli<\/title>\n<meta name=\"description\" content=\"Laboratori e corsi per la scuola secondaria di primo grado: scopri i percorsi didattici di Fondazione Pirelli Educational con un clic\" \/>\n<meta name=\"robots\" content=\"index, follow, max-snippet:-1, max-image-preview:large, max-video-preview:-1\" \/>\n<link rel=\"canonical\" href=\"https:\/\/www.fondazionepirelli.org\/it\/education\/fondazione-pirelli-educational\/scuola-secondaria-1-grado\/\" \/>\n<meta property=\"og:locale\" content=\"it_IT\" \/>\n<meta property=\"og:type\" content=\"article\" \/>\n<meta property=\"og:title\" content=\"Laboratori e corsi scuola secondaria I Grado | Fondazione Pirelli\" \/>\n<meta property=\"og:description\" content=\"Laboratori e corsi per la scuola secondaria di primo grado: scopri i percorsi didattici di Fondazione Pirelli Educational con un clic\" \/>\n<meta property=\"og:url\" content=\"https:\/\/www.fondazionepirelli.org\/it\/education\/fondazione-pirelli-educational\/scuola-secondaria-1-grado\/\" \/>\n<meta property=\"og:site_name\" content=\"Fondazione Pirelli\" \/>\n<meta property=\"article:modified_time\" content=\"2025-09-18T09:10:11+00:00\" \/>\n<meta property=\"og:image\" content=\"https:\/\/wpsite-assets.fondazionepirelli.org\/wp-content\/uploads\/2025\/09\/18100958\/FP-EDU-2025_sito_04B2.jpg\" \/>\n\t<meta property=\"og:image:width\" content=\"973\" \/>\n\t<meta property=\"og:image:height\" content=\"973\" \/>\n\t<meta property=\"og:image:type\" content=\"image\/jpeg\" \/>\n<meta name=\"twitter:card\" content=\"summary_large_image\" \/>\n<meta name=\"twitter:label1\" content=\"Tempo di lettura stimato\" \/>\n\t<meta name=\"twitter:data1\" content=\"1 minuto\" \/>\n<script type=\"application\/ld+json\" class=\"yoast-schema-graph\">{\"@context\":\"https:\/\/schema.org\",\"@graph\":[{\"@type\":\"WebPage\",\"@id\":\"https:\/\/www.fondazionepirelli.org\/it\/education\/fondazione-pirelli-educational\/scuola-secondaria-1-grado\/\",\"url\":\"https:\/\/www.fondazionepirelli.org\/it\/education\/fondazione-pirelli-educational\/scuola-secondaria-1-grado\/\",\"name\":\"Laboratori e corsi scuola secondaria I Grado | Fondazione Pirelli\",\"isPartOf\":{\"@id\":\"https:\/\/www.fondazionepirelli.org\/it\/#website\"},\"primaryImageOfPage\":{\"@id\":\"https:\/\/www.fondazionepirelli.org\/it\/education\/fondazione-pirelli-educational\/scuola-secondaria-1-grado\/#primaryimage\"},\"image\":{\"@id\":\"https:\/\/www.fondazionepirelli.org\/it\/education\/fondazione-pirelli-educational\/scuola-secondaria-1-grado\/#primaryimage\"},\"thumbnailUrl\":\"https:\/\/wpsite-assets.fondazionepirelli.org\/wp-content\/uploads\/2025\/09\/18100958\/FP-EDU-2025_sito_04B2.jpg\",\"datePublished\":\"2019-05-15T09:26:27+00:00\",\"dateModified\":\"2025-09-18T09:10:11+00:00\",\"description\":\"Laboratori e corsi per la scuola secondaria di primo grado: scopri i percorsi didattici di Fondazione Pirelli Educational con un clic\",\"breadcrumb\":{\"@id\":\"https:\/\/www.fondazionepirelli.org\/it\/education\/fondazione-pirelli-educational\/scuola-secondaria-1-grado\/#breadcrumb\"},\"inLanguage\":\"it-IT\",\"potentialAction\":[{\"@type\":\"ReadAction\",\"target\":[\"https:\/\/www.fondazionepirelli.org\/it\/education\/fondazione-pirelli-educational\/scuola-secondaria-1-grado\/\"]}]},{\"@type\":\"ImageObject\",\"inLanguage\":\"it-IT\",\"@id\":\"https:\/\/www.fondazionepirelli.org\/it\/education\/fondazione-pirelli-educational\/scuola-secondaria-1-grado\/#primaryimage\",\"url\":\"https:\/\/wpsite-assets.fondazionepirelli.org\/wp-content\/uploads\/2025\/09\/18100958\/FP-EDU-2025_sito_04B2.jpg\",\"contentUrl\":\"https:\/\/wpsite-assets.fondazionepirelli.org\/wp-content\/uploads\/2025\/09\/18100958\/FP-EDU-2025_sito_04B2.jpg\",\"width\":973,\"height\":973},{\"@type\":\"BreadcrumbList\",\"@id\":\"https:\/\/www.fondazionepirelli.org\/it\/education\/fondazione-pirelli-educational\/scuola-secondaria-1-grado\/#breadcrumb\",\"itemListElement\":[{\"@type\":\"ListItem\",\"position\":1,\"name\":\"Home\",\"item\":\"https:\/\/www.fondazionepirelli.org\/it\/\"},{\"@type\":\"ListItem\",\"position\":2,\"name\":\"Education\",\"item\":\"https:\/\/www.fondazionepirelli.org\/it\/education\/\"},{\"@type\":\"ListItem\",\"position\":3,\"name\":\"Fondazione Pirelli Educational\",\"item\":\"https:\/\/www.fondazionepirelli.org\/it\/education\/fondazione-pirelli-educational\/\"},{\"@type\":\"ListItem\",\"position\":4,\"name\":\"Scuola secondaria I grado\"}]},{\"@type\":\"WebSite\",\"@id\":\"https:\/\/www.fondazionepirelli.org\/it\/#website\",\"url\":\"https:\/\/www.fondazionepirelli.org\/it\/\",\"name\":\"Fondazione Pirelli\",\"description\":\"\",\"potentialAction\":[{\"@type\":\"SearchAction\",\"target\":{\"@type\":\"EntryPoint\",\"urlTemplate\":\"https:\/\/www.fondazionepirelli.org\/it\/?s={search_term_string}\"},\"query-input\":{\"@type\":\"PropertyValueSpecification\",\"valueRequired\":true,\"valueName\":\"search_term_string\"}}],\"inLanguage\":\"it-IT\"}]}<\/script>\n<!-- \/ Yoast SEO plugin. -->","yoast_head_json":{"title":"Laboratori e corsi scuola secondaria I Grado | Fondazione Pirelli","description":"Laboratori e corsi per la scuola secondaria di primo grado: scopri i percorsi didattici di Fondazione Pirelli Educational con un clic","robots":{"index":"index","follow":"follow","max-snippet":"max-snippet:-1","max-image-preview":"max-image-preview:large","max-video-preview":"max-video-preview:-1"},"canonical":"https:\/\/www.fondazionepirelli.org\/it\/education\/fondazione-pirelli-educational\/scuola-secondaria-1-grado\/","og_locale":"it_IT","og_type":"article","og_title":"Laboratori e corsi scuola secondaria I Grado | Fondazione Pirelli","og_description":"Laboratori e corsi per la scuola secondaria di primo grado: scopri i percorsi didattici di Fondazione Pirelli Educational con un clic","og_url":"https:\/\/www.fondazionepirelli.org\/it\/education\/fondazione-pirelli-educational\/scuola-secondaria-1-grado\/","og_site_name":"Fondazione Pirelli","article_modified_time":"2025-09-18T09:10:11+00:00","og_image":[{"width":973,"height":973,"url":"https:\/\/wpsite-assets.fondazionepirelli.org\/wp-content\/uploads\/2025\/09\/18100958\/FP-EDU-2025_sito_04B2.jpg","type":"image\/jpeg"}],"twitter_card":"summary_large_image","twitter_misc":{"Tempo di lettura stimato":"1 minuto"},"schema":{"@context":"https:\/\/schema.org","@graph":[{"@type":"WebPage","@id":"https:\/\/www.fondazionepirelli.org\/it\/education\/fondazione-pirelli-educational\/scuola-secondaria-1-grado\/","url":"https:\/\/www.fondazionepirelli.org\/it\/education\/fondazione-pirelli-educational\/scuola-secondaria-1-grado\/","name":"Laboratori e corsi scuola secondaria I Grado | Fondazione Pirelli","isPartOf":{"@id":"https:\/\/www.fondazionepirelli.org\/it\/#website"},"primaryImageOfPage":{"@id":"https:\/\/www.fondazionepirelli.org\/it\/education\/fondazione-pirelli-educational\/scuola-secondaria-1-grado\/#primaryimage"},"image":{"@id":"https:\/\/www.fondazionepirelli.org\/it\/education\/fondazione-pirelli-educational\/scuola-secondaria-1-grado\/#primaryimage"},"thumbnailUrl":"https:\/\/wpsite-assets.fondazionepirelli.org\/wp-content\/uploads\/2025\/09\/18100958\/FP-EDU-2025_sito_04B2.jpg","datePublished":"2019-05-15T09:26:27+00:00","dateModified":"2025-09-18T09:10:11+00:00","description":"Laboratori e corsi per la scuola secondaria di primo grado: scopri i percorsi didattici di Fondazione Pirelli Educational con un clic","breadcrumb":{"@id":"https:\/\/www.fondazionepirelli.org\/it\/education\/fondazione-pirelli-educational\/scuola-secondaria-1-grado\/#breadcrumb"},"inLanguage":"it-IT","potentialAction":[{"@type":"ReadAction","target":["https:\/\/www.fondazionepirelli.org\/it\/education\/fondazione-pirelli-educational\/scuola-secondaria-1-grado\/"]}]},{"@type":"ImageObject","inLanguage":"it-IT","@id":"https:\/\/www.fondazionepirelli.org\/it\/education\/fondazione-pirelli-educational\/scuola-secondaria-1-grado\/#primaryimage","url":"https:\/\/wpsite-assets.fondazionepirelli.org\/wp-content\/uploads\/2025\/09\/18100958\/FP-EDU-2025_sito_04B2.jpg","contentUrl":"https:\/\/wpsite-assets.fondazionepirelli.org\/wp-content\/uploads\/2025\/09\/18100958\/FP-EDU-2025_sito_04B2.jpg","width":973,"height":973},{"@type":"BreadcrumbList","@id":"https:\/\/www.fondazionepirelli.org\/it\/education\/fondazione-pirelli-educational\/scuola-secondaria-1-grado\/#breadcrumb","itemListElement":[{"@type":"ListItem","position":1,"name":"Home","item":"https:\/\/www.fondazionepirelli.org\/it\/"},{"@type":"ListItem","position":2,"name":"Education","item":"https:\/\/www.fondazionepirelli.org\/it\/education\/"},{"@type":"ListItem","position":3,"name":"Fondazione Pirelli Educational","item":"https:\/\/www.fondazionepirelli.org\/it\/education\/fondazione-pirelli-educational\/"},{"@type":"ListItem","position":4,"name":"Scuola secondaria I grado"}]},{"@type":"WebSite","@id":"https:\/\/www.fondazionepirelli.org\/it\/#website","url":"https:\/\/www.fondazionepirelli.org\/it\/","name":"Fondazione Pirelli","description":"","potentialAction":[{"@type":"SearchAction","target":{"@type":"EntryPoint","urlTemplate":"https:\/\/www.fondazionepirelli.org\/it\/?s={search_term_string}"},"query-input":{"@type":"PropertyValueSpecification","valueRequired":true,"valueName":"search_term_string"}}],"inLanguage":"it-IT"}]}},"_links":{"self":[{"href":"https:\/\/www.fondazionepirelli.org\/it\/wp-json\/wp\/v2\/pages\/54869\/"}],"collection":[{"href":"https:\/\/www.fondazionepirelli.org\/it\/wp-json\/wp\/v2\/pages\/"}],"about":[{"href":"https:\/\/www.fondazionepirelli.org\/it\/wp-json\/wp\/v2\/types\/page\/"}],"author":[{"embeddable":true,"href":"https:\/\/www.fondazionepirelli.org\/it\/wp-json\/wp\/v2\/users\/1\/"}],"replies":[{"embeddable":true,"href":"https:\/\/www.fondazionepirelli.org\/it\/wp-json\/wp\/v2\/comments\/?post=54869"}],"version-history":[{"count":28,"href":"https:\/\/www.fondazionepirelli.org\/it\/wp-json\/wp\/v2\/pages\/54869\/revisions\/"}],"predecessor-version":[{"id":104802,"href":"https:\/\/www.fondazionepirelli.org\/it\/wp-json\/wp\/v2\/pages\/54869\/revisions\/104802\/"}],"up":[{"embeddable":true,"href":"https:\/\/www.fondazionepirelli.org\/it\/wp-json\/wp\/v2\/pages\/53133\/"}],"wp:featuredmedia":[{"embeddable":true,"href":"https:\/\/www.fondazionepirelli.org\/it\/wp-json\/wp\/v2\/media\/105265\/"}],"wp:attachment":[{"href":"https:\/\/www.fondazionepirelli.org\/it\/wp-json\/wp\/v2\/media\/?parent=54869"}],"curies":[{"name":"wp","href":"https:\/\/api.w.org\/{rel}","templated":true}]}}