{"id":64693,"date":"2019-07-24T08:38:50","date_gmt":"2019-07-24T08:38:50","guid":{"rendered":"http:\/\/www.fondazionepirelli.org\/?page_id=64693"},"modified":"2022-12-21T11:52:34","modified_gmt":"2022-12-21T10:52:34","slug":"cookie-policy","status":"publish","type":"page","link":"https:\/\/www.fondazionepirelli.org\/it\/cookie-policy\/","title":{"rendered":"Cookie Policy"},"content":{"rendered":"<p class=\"p1\"><span class=\"s1\"><b>Ultimo aggiornamento<\/b>: <\/span><span class=\"s2\">15-12-2022<\/span><\/p>\n<p class=\"p1\">Questo sito web (\u201c<b>Sito<\/b>\u201d) raccoglie e tratta dati personali. Tali dati personali sono utilizzati per identificare il il computer, browser o eventuali dispositivi mobili da te utilizzati per navigare su Internet. I dati personali sono raccolti attraverso il Sito per mezzo di piccoli file di testo e altri sistemi di tracciamento (\u201c<b>Cookie<\/b>\u201d).<\/p><p><b>Quali cookie vengono utilizzati in questo Sito?<\/b><\/p>\n<p class=\"p1\">Il Sito utilizza Cookie tecnici, analitici e di profilazione, installati direttamente da noi (\u201c<b>Cookie di prima parte<\/b>\u201d) o da terze parti selezionate (\u201c<b>Cookie di terze parti<\/b>\u201d).<\/p>\n<p class=\"p1\">I Cookie di prima parte includono solo <b>Cookie tecnici<\/b>. Questi Cookie sono strettamente necessari per migliorare la vostra esperienza di navigazione e garantire le funzionalit\u00e0 tecniche fondamentali del nostro Sito (ad esempio, vengono utilizzati per visualizzare i contenuti del Sito o per ricordare le vostre preferenze di consenso). Il vostro consenso <span class=\"s2\">non<\/span> \u00e8 necessario per consentirci di raccogliere informazioni su di voi e di installare questa particolare categoria di cookie. Questo perch\u00e9 ci basiamo sulla base giuridica del nostro legittimo interesse commerciale a fornirvi l&#8217;accesso al nostro Sito nel miglior modo possibile.<\/p>\n<p class=\"p1\">I Cookie di terze parti includono i <b>Cookie analitici<\/b>. Questi Cookie sono utilizzati a fini di analisi statistica e per raccogliere informazioni sulla vostra esperienza sul Sito solo in forma aggregata e anonima (ad esempio, sono utilizzati per contare il numero di visite degli utenti sul Sito). Il vostro consenso <span class=\"s2\">non<\/span> \u00e8 necessario per consentirci di raccogliere informazioni su di voi e di installare questa particolare categoria di Cookie. Questo perch\u00e9 ci basiamo sulla base giuridica del nostro legittimo interesse commerciale a raccogliere informazioni strettamente finalizzate all&#8217;analisi delle prestazioni del nostro Sito in termini di portata, visibilit\u00e0 e accessibilit\u00e0 online.<\/p>\n<p class=\"p1\">I Cookie di terze parti comprendono anche i <b>Cookie di marketing<\/b>. Questi cookie sono installati attraverso il Sito dai nostri partner selezionati al fine di raccogliere dati personali sull&#8217;utente e visualizzare pubblicit\u00e0 mirata e personalizzata in base alle preferenze espresse dall&#8217;utente durante la sessione di navigazione (ad esempio, quando visita alcune pagine del Sito o interagisce con le funzionalit\u00e0 del Sito). Per l&#8217;installazione di tali Cookie di marketing \u00e8 necessario il vostro esplicito consenso.<\/p>\n<p class=\"p1\">Il Sito include anche <b>funzioni di condivisione di contenuti sui social media<\/b>. Quando si utilizzano queste funzioni, le piattaforme di social media possono raccogliere informazioni sull&#8217;utente, come l&#8217;indirizzo IP, le pagine visitate o i Cookie contenenti i suoi dati personali. Si prega di notare che le politiche sulla privacy di tali piattaforme di social media regolano tale trattamento.<\/p><p><b>Dove \u00e8 possibile trovare maggiori informazioni sui cookie utilizzati in questo Sito?<\/b><\/p>\n<p class=\"p1\">La tabella disponibile <a href=\"https:\/\/www.pirelli.com\/cookie-table\/fondazionepirelli\/it_IT.pdf\"><span class=\"s2\"><b>a questo link<\/b><\/span><\/a> illustra in modo pi\u00f9 dettagliato i nostri Cookie (ad esempio: la loro categoria specifica, i periodi di conservazione applicabili e i link alle politiche sui cookie delle terze parti selezionate per le preferenze di opt-out). La tabella viene rivista regolarmente (almeno una volta al mese) per assicurarsi che tutte le informazioni siano corrette e aggiornate.<\/p>\n<p class=\"p1\">Ulteriori informazioni sulle nostre attivit\u00e0 di trattamento dei dati personali (comprese le informazioni su quale societ\u00e0 \u00e8 il responsabile del trattamento dei dati per il Sito, su come potete esercitare i vostri diritti sulla privacy e contattare il responsabile della protezione dei dati) sono disponibili nella nostra <a href=\"https:\/\/www.fondazionepirelli.org\/it\/informativa-sulla-privacy\/\"><span class=\"s2\"><b>Privacy Policy<\/b><\/span><\/a>.<\/p><p><b>Come posso modificare la configurazione dei cookie?<\/b><\/p>\n<p class=\"p1\">Quando accedi al Sito per la prima volta, ti viene mostrata una breve informativa sull\u2019utilizzo dei Cookie tramite un banner a comparsa immediata.<\/p>\n<p class=\"p1\">Cliccando sul tasto \u201cAccetta\u201d del banner, acconsenti all\u2019installazione di tutti i Cookie. In alternativa puoi impostare le tue preferenze sui cookie cliccando sul tasto \u201cGestisci le preferenze sui cookie\u201d e regolare i pulsanti di opzione disponibili su \u201cSI\u201d o \u201cNO\u201d. Le preferenze possono essere modificate da questa pagina in qualsiasi momento.\u00a0<strong><a class=\"openCookieBar\" href=\"javascript:void(0)\"\" rel=\"nofollow\">Clicca qui<\/a><\/strong><\/p>\n<p class=\"p1\">Cliccando sul pulsante &#8220;Rifiuta&#8221;, sul simbolo &#8220;X&#8221; in alto a destra del banner o sul pulsante &#8220;Gestisci le preferenze sui cookie&#8221;, l&#8217;utente potr\u00e0 negare il proprio consenso all&#8217;installazione dei cookie o decidere se acconsentire a tale installazione. In ogni caso, sar\u00e0 possibile accedere al Sito anche dopo aver rifiutato l&#8217;installazione dei cookie.<\/p>\n<p class=\"p1\">Potete anche impostare il vostro browser web in modo da rifiutare l&#8217;installazione dei cookie per impostazione predefinita o cancellare tutti i cookie installati dal vostro computer o dispositivo mobile. La procedura varia a seconda delle impostazioni specifiche del browser web utilizzato.<\/p>\n","protected":false},"excerpt":{"rendered":"<p>Ultimo aggiornamento: 15-12-2022 Questo sito web (\u201cSito\u201d) raccoglie e tratta dati personali. Tali dati personali sono utilizzati per identificare il il computer, browser o eventuali dispositivi mobili da te utilizzati per navigare su Internet. I dati personali sono raccolti attraverso il Sito per mezzo di piccoli file di testo e altri sistemi di tracciamento (\u201cCookie\u201d).Quali [&hellip;]<\/p>\n","protected":false},"author":1,"featured_media":0,"parent":0,"menu_order":0,"comment_status":"closed","ping_status":"closed","template":"","meta":{"footnotes":""},"class_list":["post-64693","page","type-page","status-publish","hentry"],"acf":[],"yoast_head":"<!-- This site is optimized with the Yoast SEO plugin v25.0 - https:\/\/yoast.com\/wordpress\/plugins\/seo\/ -->\n<title>Cookie Policy | Fondazione Pirelli<\/title>\n<meta name=\"robots\" content=\"index, follow, max-snippet:-1, max-image-preview:large, max-video-preview:-1\" \/>\n<link rel=\"canonical\" href=\"https:\/\/www.fondazionepirelli.org\/it\/cookie-policy\/\" \/>\n<meta property=\"og:locale\" content=\"it_IT\" \/>\n<meta property=\"og:type\" content=\"article\" \/>\n<meta property=\"og:title\" content=\"Cookie Policy | Fondazione Pirelli\" \/>\n<meta property=\"og:description\" content=\"Ultimo aggiornamento: 15-12-2022 Questo sito web (\u201cSito\u201d) raccoglie e tratta dati personali. Tali dati personali sono utilizzati per identificare il il computer, browser o eventuali dispositivi mobili da te utilizzati per navigare su Internet. I dati personali sono raccolti attraverso il Sito per mezzo di piccoli file di testo e altri sistemi di tracciamento (\u201cCookie\u201d).Quali [&hellip;]\" \/>\n<meta property=\"og:url\" content=\"https:\/\/www.fondazionepirelli.org\/it\/cookie-policy\/\" \/>\n<meta property=\"og:site_name\" content=\"Fondazione Pirelli\" \/>\n<meta property=\"article:modified_time\" content=\"2022-12-21T10:52:34+00:00\" \/>\n<meta name=\"twitter:card\" content=\"summary_large_image\" \/>\n<meta name=\"twitter:label1\" content=\"Tempo di lettura stimato\" \/>\n\t<meta name=\"twitter:data1\" content=\"3 minuti\" \/>\n<script type=\"application\/ld+json\" class=\"yoast-schema-graph\">{\"@context\":\"https:\/\/schema.org\",\"@graph\":[{\"@type\":\"WebPage\",\"@id\":\"https:\/\/www.fondazionepirelli.org\/it\/cookie-policy\/\",\"url\":\"https:\/\/www.fondazionepirelli.org\/it\/cookie-policy\/\",\"name\":\"Cookie Policy | Fondazione Pirelli\",\"isPartOf\":{\"@id\":\"https:\/\/www.fondazionepirelli.org\/it\/#website\"},\"datePublished\":\"2019-07-24T08:38:50+00:00\",\"dateModified\":\"2022-12-21T10:52:34+00:00\",\"breadcrumb\":{\"@id\":\"https:\/\/www.fondazionepirelli.org\/it\/cookie-policy\/#breadcrumb\"},\"inLanguage\":\"it-IT\",\"potentialAction\":[{\"@type\":\"ReadAction\",\"target\":[\"https:\/\/www.fondazionepirelli.org\/it\/cookie-policy\/\"]}]},{\"@type\":\"BreadcrumbList\",\"@id\":\"https:\/\/www.fondazionepirelli.org\/it\/cookie-policy\/#breadcrumb\",\"itemListElement\":[{\"@type\":\"ListItem\",\"position\":1,\"name\":\"Home\",\"item\":\"https:\/\/www.fondazionepirelli.org\/it\/\"},{\"@type\":\"ListItem\",\"position\":2,\"name\":\"Cookie Policy\"}]},{\"@type\":\"WebSite\",\"@id\":\"https:\/\/www.fondazionepirelli.org\/it\/#website\",\"url\":\"https:\/\/www.fondazionepirelli.org\/it\/\",\"name\":\"Fondazione Pirelli\",\"description\":\"\",\"potentialAction\":[{\"@type\":\"SearchAction\",\"target\":{\"@type\":\"EntryPoint\",\"urlTemplate\":\"https:\/\/www.fondazionepirelli.org\/it\/?s={search_term_string}\"},\"query-input\":{\"@type\":\"PropertyValueSpecification\",\"valueRequired\":true,\"valueName\":\"search_term_string\"}}],\"inLanguage\":\"it-IT\"}]}<\/script>\n<!-- \/ Yoast SEO plugin. -->","yoast_head_json":{"title":"Cookie Policy | Fondazione Pirelli","robots":{"index":"index","follow":"follow","max-snippet":"max-snippet:-1","max-image-preview":"max-image-preview:large","max-video-preview":"max-video-preview:-1"},"canonical":"https:\/\/www.fondazionepirelli.org\/it\/cookie-policy\/","og_locale":"it_IT","og_type":"article","og_title":"Cookie Policy | Fondazione Pirelli","og_description":"Ultimo aggiornamento: 15-12-2022 Questo sito web (\u201cSito\u201d) raccoglie e tratta dati personali. Tali dati personali sono utilizzati per identificare il il computer, browser o eventuali dispositivi mobili da te utilizzati per navigare su Internet. I dati personali sono raccolti attraverso il Sito per mezzo di piccoli file di testo e altri sistemi di tracciamento (\u201cCookie\u201d).Quali [&hellip;]","og_url":"https:\/\/www.fondazionepirelli.org\/it\/cookie-policy\/","og_site_name":"Fondazione Pirelli","article_modified_time":"2022-12-21T10:52:34+00:00","twitter_card":"summary_large_image","twitter_misc":{"Tempo di lettura stimato":"3 minuti"},"schema":{"@context":"https:\/\/schema.org","@graph":[{"@type":"WebPage","@id":"https:\/\/www.fondazionepirelli.org\/it\/cookie-policy\/","url":"https:\/\/www.fondazionepirelli.org\/it\/cookie-policy\/","name":"Cookie Policy | Fondazione Pirelli","isPartOf":{"@id":"https:\/\/www.fondazionepirelli.org\/it\/#website"},"datePublished":"2019-07-24T08:38:50+00:00","dateModified":"2022-12-21T10:52:34+00:00","breadcrumb":{"@id":"https:\/\/www.fondazionepirelli.org\/it\/cookie-policy\/#breadcrumb"},"inLanguage":"it-IT","potentialAction":[{"@type":"ReadAction","target":["https:\/\/www.fondazionepirelli.org\/it\/cookie-policy\/"]}]},{"@type":"BreadcrumbList","@id":"https:\/\/www.fondazionepirelli.org\/it\/cookie-policy\/#breadcrumb","itemListElement":[{"@type":"ListItem","position":1,"name":"Home","item":"https:\/\/www.fondazionepirelli.org\/it\/"},{"@type":"ListItem","position":2,"name":"Cookie Policy"}]},{"@type":"WebSite","@id":"https:\/\/www.fondazionepirelli.org\/it\/#website","url":"https:\/\/www.fondazionepirelli.org\/it\/","name":"Fondazione Pirelli","description":"","potentialAction":[{"@type":"SearchAction","target":{"@type":"EntryPoint","urlTemplate":"https:\/\/www.fondazionepirelli.org\/it\/?s={search_term_string}"},"query-input":{"@type":"PropertyValueSpecification","valueRequired":true,"valueName":"search_term_string"}}],"inLanguage":"it-IT"}]}},"_links":{"self":[{"href":"https:\/\/www.fondazionepirelli.org\/it\/wp-json\/wp\/v2\/pages\/64693\/"}],"collection":[{"href":"https:\/\/www.fondazionepirelli.org\/it\/wp-json\/wp\/v2\/pages\/"}],"about":[{"href":"https:\/\/www.fondazionepirelli.org\/it\/wp-json\/wp\/v2\/types\/page\/"}],"author":[{"embeddable":true,"href":"https:\/\/www.fondazionepirelli.org\/it\/wp-json\/wp\/v2\/users\/1\/"}],"replies":[{"embeddable":true,"href":"https:\/\/www.fondazionepirelli.org\/it\/wp-json\/wp\/v2\/comments\/?post=64693"}],"version-history":[{"count":17,"href":"https:\/\/www.fondazionepirelli.org\/it\/wp-json\/wp\/v2\/pages\/64693\/revisions\/"}],"predecessor-version":[{"id":93876,"href":"https:\/\/www.fondazionepirelli.org\/it\/wp-json\/wp\/v2\/pages\/64693\/revisions\/93876\/"}],"wp:attachment":[{"href":"https:\/\/www.fondazionepirelli.org\/it\/wp-json\/wp\/v2\/media\/?parent=64693"}],"curies":[{"name":"wp","href":"https:\/\/api.w.org\/{rel}","templated":true}]}}