{"id":65722,"date":"2019-08-02T16:11:46","date_gmt":"2019-08-02T16:11:46","guid":{"rendered":"http:\/\/www.fondazionepirelli.org\/?page_id=65722"},"modified":"2022-01-28T17:16:04","modified_gmt":"2022-01-28T16:16:04","slug":"piu-basso-piu-largo-piu-potente","status":"publish","type":"page","link":"https:\/\/www.fondazionepirelli.org\/it\/piu-basso-piu-largo-piu-potente\/","title":{"rendered":"Pi\u00f9 basso, pi\u00f9 largo, pi\u00f9 potente"},"content":{"rendered":"<p>Nel 1976 l\u2019house organ Pirelli \u201cFatti e Notizie\u201d racconta ai dipendenti l\u2019invenzione dei pneumatici ribassati, di cui il P7 \u00e8 l\u2019esempio pi\u00f9 eclatante: \u201cIl continuo e costante aumento della potenza specifica dei motori ha sempre condizionato lo sviluppo e l\u2019evoluzione dei pneumatici delle autovetture. Il problema di garantire la massima tenuta di strada in ogni condizione, a parit\u00e0 di resa chilomentrica, si pu\u00f2 risolvere in un solo modo: modificando l\u2019aspetto e il profilo del pneumatico per aumentare l\u2019area di impronta. Due strade si possono seguire. Si pu\u00f2 allungarla, ma ci\u00f2 significherebbe alzare il fianco del pneumatico e quindi il centro di gravit\u00e0 della vettura, oppure allargarla. Quest\u2019ultima soluzione offre il mezzo pi\u00f9 valido per raggiungere l\u2019obiettivo della maggior tenuta\u201d.<\/p>\n","protected":false},"excerpt":{"rendered":"<p>Nel 1976 l\u2019house organ Pirelli \u201cFatti e Notizie\u201d racconta ai dipendenti l\u2019invenzione dei pneumatici ribassati, di cui il P7 \u00e8 l\u2019esempio pi\u00f9 eclatante: \u201cIl continuo e costante aumento della potenza specifica dei motori ha sempre condizionato lo sviluppo e l\u2019evoluzione dei pneumatici delle autovetture. Il problema di garantire la massima tenuta di strada in ogni [&hellip;]<\/p>\n","protected":false},"author":1,"featured_media":0,"parent":0,"menu_order":0,"comment_status":"closed","ping_status":"closed","template":"page--fds.php","meta":{"footnotes":""},"class_list":["post-65722","page","type-page","status-publish","hentry"],"acf":[],"yoast_head":"<!-- This site is optimized with the Yoast SEO plugin v25.0 - https:\/\/yoast.com\/wordpress\/plugins\/seo\/ -->\n<title>Pirelli P7: pi\u00f9 basso, pi\u00f9 largo, pi\u00f9 potente | Fondazione Pirelli<\/title>\n<meta name=\"description\" content=\"L\u2019invenzione dei pneumatici ribassati: il P7, la sua storia e i suoi successi nei rally . Scopri di pi\u00f9.\" \/>\n<meta name=\"robots\" content=\"index, follow, max-snippet:-1, max-image-preview:large, max-video-preview:-1\" \/>\n<link rel=\"canonical\" href=\"https:\/\/www.fondazionepirelli.org\/it\/piu-basso-piu-largo-piu-potente\/\" \/>\n<meta property=\"og:locale\" content=\"it_IT\" \/>\n<meta property=\"og:type\" content=\"article\" \/>\n<meta property=\"og:title\" content=\"Pirelli P7: pi\u00f9 basso, pi\u00f9 largo, pi\u00f9 potente | Fondazione Pirelli\" \/>\n<meta property=\"og:description\" content=\"L\u2019invenzione dei pneumatici ribassati: il P7, la sua storia e i suoi successi nei rally . Scopri di pi\u00f9.\" \/>\n<meta property=\"og:url\" content=\"https:\/\/www.fondazionepirelli.org\/it\/piu-basso-piu-largo-piu-potente\/\" \/>\n<meta property=\"og:site_name\" content=\"Fondazione Pirelli\" \/>\n<meta property=\"article:modified_time\" content=\"2022-01-28T16:16:04+00:00\" \/>\n<meta name=\"twitter:card\" content=\"summary_large_image\" \/>\n<meta name=\"twitter:label1\" content=\"Tempo di lettura stimato\" \/>\n\t<meta name=\"twitter:data1\" content=\"1 minuto\" \/>\n<script type=\"application\/ld+json\" class=\"yoast-schema-graph\">{\"@context\":\"https:\/\/schema.org\",\"@graph\":[{\"@type\":\"WebPage\",\"@id\":\"https:\/\/www.fondazionepirelli.org\/it\/piu-basso-piu-largo-piu-potente\/\",\"url\":\"https:\/\/www.fondazionepirelli.org\/it\/piu-basso-piu-largo-piu-potente\/\",\"name\":\"Pirelli P7: pi\u00f9 basso, pi\u00f9 largo, pi\u00f9 potente | Fondazione Pirelli\",\"isPartOf\":{\"@id\":\"https:\/\/www.fondazionepirelli.org\/it\/#website\"},\"datePublished\":\"2019-08-02T16:11:46+00:00\",\"dateModified\":\"2022-01-28T16:16:04+00:00\",\"description\":\"L\u2019invenzione dei pneumatici ribassati: il P7, la sua storia e i suoi successi nei rally . Scopri di pi\u00f9.\",\"breadcrumb\":{\"@id\":\"https:\/\/www.fondazionepirelli.org\/it\/piu-basso-piu-largo-piu-potente\/#breadcrumb\"},\"inLanguage\":\"it-IT\",\"potentialAction\":[{\"@type\":\"ReadAction\",\"target\":[\"https:\/\/www.fondazionepirelli.org\/it\/piu-basso-piu-largo-piu-potente\/\"]}]},{\"@type\":\"BreadcrumbList\",\"@id\":\"https:\/\/www.fondazionepirelli.org\/it\/piu-basso-piu-largo-piu-potente\/#breadcrumb\",\"itemListElement\":[{\"@type\":\"ListItem\",\"position\":1,\"name\":\"Home\",\"item\":\"https:\/\/www.fondazionepirelli.org\/it\/\"},{\"@type\":\"ListItem\",\"position\":2,\"name\":\"Pi\u00f9 basso, pi\u00f9 largo, pi\u00f9 potente\"}]},{\"@type\":\"WebSite\",\"@id\":\"https:\/\/www.fondazionepirelli.org\/it\/#website\",\"url\":\"https:\/\/www.fondazionepirelli.org\/it\/\",\"name\":\"Fondazione Pirelli\",\"description\":\"\",\"potentialAction\":[{\"@type\":\"SearchAction\",\"target\":{\"@type\":\"EntryPoint\",\"urlTemplate\":\"https:\/\/www.fondazionepirelli.org\/it\/?s={search_term_string}\"},\"query-input\":{\"@type\":\"PropertyValueSpecification\",\"valueRequired\":true,\"valueName\":\"search_term_string\"}}],\"inLanguage\":\"it-IT\"}]}<\/script>\n<!-- \/ Yoast SEO plugin. -->","yoast_head_json":{"title":"Pirelli P7: pi\u00f9 basso, pi\u00f9 largo, pi\u00f9 potente | Fondazione Pirelli","description":"L\u2019invenzione dei pneumatici ribassati: il P7, la sua storia e i suoi successi nei rally . Scopri di pi\u00f9.","robots":{"index":"index","follow":"follow","max-snippet":"max-snippet:-1","max-image-preview":"max-image-preview:large","max-video-preview":"max-video-preview:-1"},"canonical":"https:\/\/www.fondazionepirelli.org\/it\/piu-basso-piu-largo-piu-potente\/","og_locale":"it_IT","og_type":"article","og_title":"Pirelli P7: pi\u00f9 basso, pi\u00f9 largo, pi\u00f9 potente | Fondazione Pirelli","og_description":"L\u2019invenzione dei pneumatici ribassati: il P7, la sua storia e i suoi successi nei rally . Scopri di pi\u00f9.","og_url":"https:\/\/www.fondazionepirelli.org\/it\/piu-basso-piu-largo-piu-potente\/","og_site_name":"Fondazione Pirelli","article_modified_time":"2022-01-28T16:16:04+00:00","twitter_card":"summary_large_image","twitter_misc":{"Tempo di lettura stimato":"1 minuto"},"schema":{"@context":"https:\/\/schema.org","@graph":[{"@type":"WebPage","@id":"https:\/\/www.fondazionepirelli.org\/it\/piu-basso-piu-largo-piu-potente\/","url":"https:\/\/www.fondazionepirelli.org\/it\/piu-basso-piu-largo-piu-potente\/","name":"Pirelli P7: pi\u00f9 basso, pi\u00f9 largo, pi\u00f9 potente | Fondazione Pirelli","isPartOf":{"@id":"https:\/\/www.fondazionepirelli.org\/it\/#website"},"datePublished":"2019-08-02T16:11:46+00:00","dateModified":"2022-01-28T16:16:04+00:00","description":"L\u2019invenzione dei pneumatici ribassati: il P7, la sua storia e i suoi successi nei rally . Scopri di pi\u00f9.","breadcrumb":{"@id":"https:\/\/www.fondazionepirelli.org\/it\/piu-basso-piu-largo-piu-potente\/#breadcrumb"},"inLanguage":"it-IT","potentialAction":[{"@type":"ReadAction","target":["https:\/\/www.fondazionepirelli.org\/it\/piu-basso-piu-largo-piu-potente\/"]}]},{"@type":"BreadcrumbList","@id":"https:\/\/www.fondazionepirelli.org\/it\/piu-basso-piu-largo-piu-potente\/#breadcrumb","itemListElement":[{"@type":"ListItem","position":1,"name":"Home","item":"https:\/\/www.fondazionepirelli.org\/it\/"},{"@type":"ListItem","position":2,"name":"Pi\u00f9 basso, pi\u00f9 largo, pi\u00f9 potente"}]},{"@type":"WebSite","@id":"https:\/\/www.fondazionepirelli.org\/it\/#website","url":"https:\/\/www.fondazionepirelli.org\/it\/","name":"Fondazione Pirelli","description":"","potentialAction":[{"@type":"SearchAction","target":{"@type":"EntryPoint","urlTemplate":"https:\/\/www.fondazionepirelli.org\/it\/?s={search_term_string}"},"query-input":{"@type":"PropertyValueSpecification","valueRequired":true,"valueName":"search_term_string"}}],"inLanguage":"it-IT"}]}},"_links":{"self":[{"href":"https:\/\/www.fondazionepirelli.org\/it\/wp-json\/wp\/v2\/pages\/65722\/"}],"collection":[{"href":"https:\/\/www.fondazionepirelli.org\/it\/wp-json\/wp\/v2\/pages\/"}],"about":[{"href":"https:\/\/www.fondazionepirelli.org\/it\/wp-json\/wp\/v2\/types\/page\/"}],"author":[{"embeddable":true,"href":"https:\/\/www.fondazionepirelli.org\/it\/wp-json\/wp\/v2\/users\/1\/"}],"replies":[{"embeddable":true,"href":"https:\/\/www.fondazionepirelli.org\/it\/wp-json\/wp\/v2\/comments\/?post=65722"}],"version-history":[{"count":3,"href":"https:\/\/www.fondazionepirelli.org\/it\/wp-json\/wp\/v2\/pages\/65722\/revisions\/"}],"predecessor-version":[{"id":65873,"href":"https:\/\/www.fondazionepirelli.org\/it\/wp-json\/wp\/v2\/pages\/65722\/revisions\/65873\/"}],"wp:attachment":[{"href":"https:\/\/www.fondazionepirelli.org\/it\/wp-json\/wp\/v2\/media\/?parent=65722"}],"curies":[{"name":"wp","href":"https:\/\/api.w.org\/{rel}","templated":true}]}}